{"id":175,"date":"2022-01-05T16:23:39","date_gmt":"2022-01-05T15:23:39","guid":{"rendered":"http:\/\/10.10.10.196\/oratio.it\/?page_id=175"},"modified":"2025-05-27T15:31:40","modified_gmt":"2025-05-27T13:31:40","slug":"download","status":"publish","type":"page","link":"https:\/\/www.oratio.it\/index.php\/download\/","title":{"rendered":"Download"},"content":{"rendered":"\n<p class=\"has-medium-font-size\"><strong><mark style=\"background-color:rgba(0, 0, 0, 0);color:#9a2929\" class=\"has-inline-color\">ATTENZIONE! Installazione compatibile solo con sistemi Linux e MacOSx<\/mark><\/strong><\/p>\n\n\n\n<p><strong>Scarica gratuitamente il software. <\/strong><\/p>\n\n\n\n<p>L&#8217;installazione di Oratio non \u00e8 un&#8217;operazione complicata ma richiede la competenza di un sistemista che potr\u00e0 trovare tutte le informazioni utili nella <a href=\"http:\/\/www.oratio-project.org\/documents\/it\/install_oratio_3_0_it.pdf\" target=\"_blank\" rel=\"noreferrer noopener\">Guida di Installazione<\/a>. <\/p>\n\n\n\n<p>Se riterrai opportuno, potrai richiedere il nostro intervento per l&#8217;installazione o scegliere di utilizzare il software in Cloud in modo da non doverti occupare di nulla.<\/p>\n\n\n\n<p>Per procedere con il download segui la seguente procedura:<\/p>\n\n\n\n<div class=\"wp-block-group\"><div class=\"wp-block-group__inner-container is-layout-flow wp-block-group-is-layout-flow\">\n<p><strong>1.<\/strong> <strong>Registrati per ottenere un codice di accesso che ti verr\u00e0 spedito direttamente all&#8217;indirizzo e-mail che indicherai nella form. Il codice sar\u00e0 utilizzabile una sola volta. (* campi obbligatori)<\/strong><\/p>\n<\/div><\/div>\n\n\n<div class=\"frm_forms  with_frm_style frm_style_stile-di-formidable\" id=\"frm_form_1_container\" data-token=\"e4ec94e4cdfed28b6fbef61011f8d657\">\n<form enctype=\"multipart\/form-data\" method=\"post\" class=\"frm-show-form  frm_js_validate  frm_ajax_submit \" id=\"form_contact-form\" data-token=\"e4ec94e4cdfed28b6fbef61011f8d657\">\n<div class=\"frm_form_fields \">\n<fieldset>\n<legend class=\"frm_screen_reader\">Registrazione download<\/legend>\r\n\r\n<div class=\"frm_fields_container\">\n<input type=\"hidden\" name=\"frm_action\" value=\"create\" \/>\n<input type=\"hidden\" name=\"form_id\" value=\"1\" \/>\n<input type=\"hidden\" name=\"frm_hide_fields_1\" id=\"frm_hide_fields_1\" value=\"\" \/>\n<input type=\"hidden\" name=\"form_key\" value=\"contact-form\" \/>\n<input type=\"hidden\" name=\"item_meta[0]\" value=\"\" \/>\n<input type=\"hidden\" id=\"frm_submit_entry_1\" name=\"frm_submit_entry_1\" value=\"9ed8152c00\" \/><input type=\"hidden\" name=\"_wp_http_referer\" value=\"\/index.php\/wp-json\/wp\/v2\/pages\/175\" \/><div id=\"frm_field_1_container\" class=\"frm_form_field form-field  frm_required_field frm_top_container frm_first frm_half\">\r\n\t<label for=\"field_nome\" id=\"field_nome_label\" class=\"frm_primary_label\">Nome\r\n\t\t<span class=\"frm_required\" aria-hidden=\"true\">*<\/span>\r\n\t<\/label>\r\n\t<input type=\"text\" id=\"field_nome\" name=\"item_meta[1]\" value=\"\"  data-reqmsg=\"Nome non pu\u00f2 essere vuoto.\" aria-required=\"true\" data-invmsg=\"Nome non \u00e8 valido\" aria-invalid=\"false\"   aria-describedby=\"frm_desc_field_nome\"\/>\r\n\t<div class=\"frm_description\" id=\"frm_desc_field_nome\">Nome<\/div>\r\n\t\r\n<\/div>\n<div id=\"frm_field_2_container\" class=\"frm_form_field form-field  frm_required_field frm_hidden_container frm_half\">\r\n\t<label for=\"field_cognome\" id=\"field_cognome_label\" class=\"frm_primary_label\">Cognome\r\n\t\t<span class=\"frm_required\" aria-hidden=\"true\">*<\/span>\r\n\t<\/label>\r\n\t<input type=\"text\" id=\"field_cognome\" name=\"item_meta[2]\" value=\"\"  data-reqmsg=\"Cognome non pu\u00f2 essere vuoto.\" aria-required=\"true\" data-invmsg=\"Cognome non \u00e8 valido\" aria-invalid=\"false\"   aria-describedby=\"frm_desc_field_cognome\"\/>\r\n\t<div class=\"frm_description\" id=\"frm_desc_field_cognome\">Cognome<\/div>\r\n\t\r\n<\/div>\n<div id=\"frm_field_3_container\" class=\"frm_form_field form-field  frm_required_field frm_top_container frm_full\">\r\n\t<label for=\"field_email\" id=\"field_email_label\" class=\"frm_primary_label\">Email\r\n\t\t<span class=\"frm_required\" aria-hidden=\"true\">*<\/span>\r\n\t<\/label>\r\n\t<input type=\"email\" id=\"field_email\" name=\"item_meta[3]\" value=\"\"  data-reqmsg=\"Email non pu\u00f2 essere vuoto.\" aria-required=\"true\" data-invmsg=\"Per favore inserire un indirizzo email valido\" aria-invalid=\"false\"  \/>\r\n\t\r\n\t\r\n<\/div>\n<div id=\"frm_field_4_container\" class=\"frm_form_field form-field  frm_required_field frm_top_container frm_full\">\r\n\t<label for=\"field_ruolo\" id=\"field_ruolo_label\" class=\"frm_primary_label\">Ruolo aziendale\r\n\t\t<span class=\"frm_required\" aria-hidden=\"true\">*<\/span>\r\n\t<\/label>\r\n\t<input type=\"text\" id=\"field_ruolo\" name=\"item_meta[4]\" value=\"\"  data-reqmsg=\"Ruolo aziendale non pu\u00f2 essere vuoto.\" aria-required=\"true\" data-invmsg=\"Ruolo aziendale non \u00e8 valido\" aria-invalid=\"false\"  \/>\r\n\t\r\n\t\r\n<\/div>\n<div id=\"frm_field_7_container\" class=\"frm_form_field form-field  frm_required_field frm_top_container frm_full\">\r\n\t<label for=\"field_azienda\" id=\"field_azienda_label\" class=\"frm_primary_label\">Azienda\r\n\t\t<span class=\"frm_required\" aria-hidden=\"true\">*<\/span>\r\n\t<\/label>\r\n\t<input type=\"text\" id=\"field_azienda\" name=\"item_meta[7]\" value=\"\"  data-reqmsg=\"Azienda non pu\u00f2 essere vuoto.\" aria-required=\"true\" data-invmsg=\"Azienda non \u00e8 valido\" aria-invalid=\"false\"  \/>\r\n\t\r\n\t\r\n<\/div>\n<div id=\"frm_field_8_container\" class=\"frm_form_field form-field  frm_required_field frm_top_container frm_full\">\r\n\t<label for=\"field_localita\" id=\"field_localita_label\" class=\"frm_primary_label\">Localit\u00e0\r\n\t\t<span class=\"frm_required\" aria-hidden=\"true\">*<\/span>\r\n\t<\/label>\r\n\t<input type=\"text\" id=\"field_localita\" name=\"item_meta[8]\" value=\"\"  data-reqmsg=\"Localit\u00e0 non pu\u00f2 essere vuoto.\" aria-required=\"true\" data-invmsg=\"Localit\u00e0 non \u00e8 valido\" aria-invalid=\"false\"  \/>\r\n\t\r\n\t\r\n<\/div>\n<div id=\"frm_field_9_container\" class=\"frm_form_field form-field  frm_required_field frm_top_container frm_full\">\r\n\t<label for=\"field_settore\" id=\"field_settore_label\" class=\"frm_primary_label\">Settore\r\n\t\t<span class=\"frm_required\" aria-hidden=\"true\">*<\/span>\r\n\t<\/label>\r\n\t<input type=\"text\" id=\"field_settore\" name=\"item_meta[9]\" value=\"\"  data-reqmsg=\"Settore non pu\u00f2 essere vuoto.\" aria-required=\"true\" data-invmsg=\"Settore non \u00e8 valido\" aria-invalid=\"false\"  \/>\r\n\t\r\n\t\r\n<\/div>\n<div id=\"frm_field_10_container\" class=\"frm_form_field form-field  frm_required_field frm_top_container frm_full\">\r\n\t<label for=\"field_gestionale\" id=\"field_gestionale_label\" class=\"frm_primary_label\">Gestionale usato\r\n\t\t<span class=\"frm_required\" aria-hidden=\"true\">*<\/span>\r\n\t<\/label>\r\n\t<input type=\"text\" id=\"field_gestionale\" name=\"item_meta[10]\" value=\"\"  data-reqmsg=\"Gestionale usato non pu\u00f2 essere vuoto.\" aria-required=\"true\" data-invmsg=\"Gestionale usato non \u00e8 valido\" aria-invalid=\"false\"  \/>\r\n\t\r\n\t\r\n<\/div>\n<div id=\"frm_field_5_container\" class=\"frm_form_field form-field  frm_required_field frm_top_container frm_full\">\r\n\t<label for=\"field_richiesta\" id=\"field_richiesta_label\" class=\"frm_primary_label\">Uso previsto per Oratio\r\n\t\t<span class=\"frm_required\" aria-hidden=\"true\">*<\/span>\r\n\t<\/label>\r\n\t<input type=\"text\" id=\"field_richiesta\" name=\"item_meta[5]\" value=\"\"  data-reqmsg=\"Uso previsto per Oratio non pu\u00f2 essere vuoto.\" aria-required=\"true\" data-invmsg=\"Uso previsto per Oratio non \u00e8 valido\" aria-invalid=\"false\"  \/>\r\n\t\r\n\t\r\n<\/div>\n<div id=\"frm_field_21_container\" class=\"frm_form_field form-field  frm_none_container\">\r\n\t<label for=\"g-recaptcha-response\" id=\"field_pytkp_label\" class=\"frm_primary_label\">\r\n\t\t<span class=\"frm_required\" aria-hidden=\"true\"><\/span>\r\n\t<\/label>\r\n\t<div  id=\"field_pytkp\" class=\"g-recaptcha\" data-sitekey=\"6Lf145oqAAAAABQ8Y4Sx1uqP-6I59Fo5EM4VI_hl\" data-size=\"normal\" data-theme=\"light\"><\/div>\r\n\t\r\n\t\r\n<\/div>\n<div id=\"frm_field_6_container\" class=\"frm_form_field form-field \">\r\n\t<div class=\"frm_submit frm_flex\">\r\n<button class=\"frm_button_submit\" type=\"submit\"  >Registrati<\/button>\r\n\r\n\r\n\r\n<\/div>\r\n<\/div>\n\t<input type=\"hidden\" name=\"item_key\" value=\"\" \/>\n\t\t\t<div id=\"frm_field_22_container\">\n\t\t\t<label for=\"field_5rb7i\" >\n\t\t\t\tSe sei un essere umano, lascia questo campo vuoto.\t\t\t<\/label>\n\t\t\t<input  id=\"field_5rb7i\" type=\"text\" class=\"frm_form_field form-field frm_verify\" name=\"item_meta[22]\" value=\"\"  \/>\n\t\t<\/div>\n\t\t<input name=\"frm_state\" type=\"hidden\" value=\"cFXYhn0Ii5vziuqA9FRkL9TQwYA4Jf9y5Z6TO0voZWk=\" \/><\/div>\n<\/fieldset>\n<\/div>\n\n<\/form>\n<\/div>\n\n\n\n<p class=\"has-small-font-size\">Email Privacy Policy &#8211; Il tuo indirizzo email e le altre informazioni fornite in questo modulo verranno utilizzate esclusivamente per inviarti informazioni riguardo novit\u00e0, eventi, programmi e promozioni. Oratio.org s.r.l. non utilizzer\u00e0 le tue informazioni personali per nessun altro fine senza la tua autorizzazione n\u00e9 vender\u00e0 o fornir\u00e0 i tuoi dati a terzi. Ogni email che riceverai da noi conterr\u00e0 le istruzioni per rimuovere e modificare i tuoi dati.<\/p>\n\n\n\n<blockquote class=\"wp-block-quote is-layout-flow wp-block-quote-is-layout-flow\">\n<p><strong>ATTENZIONE! Le richieste vengono filtrate e viene verificata l&#8217;attendibilit\u00e0 dei dati forniti. Potrebbe quindi trascorrere un certo lasso di tempo tra l&#8217;invio del modulo e la ricezione dei dati per l&#8217;accesso. Se non dovessi ricevere una mail nei prossimi 2 giorni lavorativi puoi contattarci all&#8217;indirizzo <a href=\"mailto:info@oratio.it\">info@oratio.it<\/a><\/strong><\/p>\n<\/blockquote>\n\n\n\n<div class=\"wp-block-group\"><div class=\"wp-block-group__inner-container is-layout-flow wp-block-group-is-layout-flow\">\n<p><strong>2. Inserisci il codice che hai ricevuto via e-mail e clicca sul bottone Download per scaricare il software.<\/strong><\/p>\n<\/div><\/div>\n\n\n\n<form method=\"post\" name=\"form_reg\" action=\"https:\/\/www.oratio-project.org\/cgi-bin\/download.pl\" onsubmit=\"return checkform_reg();\">\n\t<input type=\"hidden\" name=\"lang\" value=\"it\">\n\t<input type=\"hidden\" name=\"download\" value=\"300\">\n\t<table>\n\t\t<tbody><tr>\n\t\t\t<td>\n\t\t\t\t<b>Email (*)<\/b>\n\t\t\t<\/td>\n\t\t\t<td style=\"padding: 10px 0px 10px 0px;\">\n\t\t\t\t<input type=\"text\" name=\"email\" style=\"width:300px;margin:0\">\n\t\t\t<\/td>\n\t\t<\/tr>\n\t\t<tr>\n\t\t\t<td>\n\t\t\t\t<b>Codice (*)<\/b>\n\t\t\t<\/td>\n\t\t\t<td style=\"padding: 10px 0px 10px 0px;\">\n\t\t\t\t<input type=\"password\" name=\"code\" style=\"width:300px;margin:0\">\n\t\t\t<\/td>\n\t\t<\/tr>\n\t<\/tbody><\/table>\n\t<p><b>Oratio3 (rel.6.5.4) 67Mb <\/b><input class=\"submit\" type=\"submit\" name=\"submit\" value=\"Download\"><\/p>\n<\/form>\n","protected":false},"excerpt":{"rendered":"<p>ATTENZIONE! Installazione compatibile solo con sistemi Linux e MacOSx Scarica gratuitamente il software. L&#8217;installazione di Oratio non \u00e8 un&#8217;operazione complicata ma richiede la competenza di un sistemista che potr\u00e0 trovare tutte le informazioni utili nella Guida di Installazione. Se riterrai opportuno, potrai richiedere il nostro intervento per l&#8217;installazione o scegliere di utilizzare il software in [&hellip;]<\/p>\n","protected":false},"author":1,"featured_media":0,"parent":0,"menu_order":0,"comment_status":"closed","ping_status":"closed","template":"","meta":{"footnotes":""},"class_list":["post-175","page","type-page","status-publish","hentry"],"yoast_head":"<!-- This site is optimized with the Yoast SEO plugin v26.8 - https:\/\/yoast.com\/product\/yoast-seo-wordpress\/ -->\n<title>Download - Oratio - Il Gestionale per le PMI<\/title>\n<meta name=\"description\" content=\"Puoi scaricare gratuitamente il software. Installazione su sistemi Linux o MacOs\" \/>\n<meta name=\"robots\" content=\"index, follow, max-snippet:-1, max-image-preview:large, max-video-preview:-1\" \/>\n<link rel=\"canonical\" href=\"https:\/\/www.oratio.it\/index.php\/download\/\" \/>\n<meta property=\"og:locale\" content=\"it_IT\" \/>\n<meta property=\"og:type\" content=\"article\" \/>\n<meta property=\"og:title\" content=\"Download - Oratio - Il Gestionale per le PMI\" \/>\n<meta property=\"og:description\" content=\"Puoi scaricare gratuitamente il software. Installazione su sistemi Linux o MacOs\" \/>\n<meta property=\"og:url\" content=\"https:\/\/www.oratio.it\/index.php\/download\/\" \/>\n<meta property=\"og:site_name\" content=\"Oratio - Il Gestionale per le PMI\" \/>\n<meta property=\"article:modified_time\" content=\"2025-05-27T13:31:40+00:00\" \/>\n<meta name=\"twitter:card\" content=\"summary_large_image\" \/>\n<meta name=\"twitter:label1\" content=\"Tempo di lettura stimato\" \/>\n\t<meta name=\"twitter:data1\" content=\"2 minuti\" \/>\n<script type=\"application\/ld+json\" class=\"yoast-schema-graph\">{\"@context\":\"https:\/\/schema.org\",\"@graph\":[{\"@type\":\"WebPage\",\"@id\":\"https:\/\/www.oratio.it\/index.php\/download\/\",\"url\":\"https:\/\/www.oratio.it\/index.php\/download\/\",\"name\":\"Download - Oratio - Il Gestionale per le PMI\",\"isPartOf\":{\"@id\":\"https:\/\/www.oratio.it\/#website\"},\"datePublished\":\"2022-01-05T15:23:39+00:00\",\"dateModified\":\"2025-05-27T13:31:40+00:00\",\"description\":\"Puoi scaricare gratuitamente il software. Installazione su sistemi Linux o MacOs\",\"breadcrumb\":{\"@id\":\"https:\/\/www.oratio.it\/index.php\/download\/#breadcrumb\"},\"inLanguage\":\"it-IT\",\"potentialAction\":[{\"@type\":\"ReadAction\",\"target\":[\"https:\/\/www.oratio.it\/index.php\/download\/\"]}]},{\"@type\":\"BreadcrumbList\",\"@id\":\"https:\/\/www.oratio.it\/index.php\/download\/#breadcrumb\",\"itemListElement\":[{\"@type\":\"ListItem\",\"position\":1,\"name\":\"Home\",\"item\":\"https:\/\/www.oratio.it\/\"},{\"@type\":\"ListItem\",\"position\":2,\"name\":\"Download\"}]},{\"@type\":\"WebSite\",\"@id\":\"https:\/\/www.oratio.it\/#website\",\"url\":\"https:\/\/www.oratio.it\/\",\"name\":\"Oratio - Il Gestionale per le PMI\",\"description\":\"\",\"publisher\":{\"@id\":\"https:\/\/www.oratio.it\/#organization\"},\"alternateName\":\"Gestionale aziendale open source\",\"potentialAction\":[{\"@type\":\"SearchAction\",\"target\":{\"@type\":\"EntryPoint\",\"urlTemplate\":\"https:\/\/www.oratio.it\/?s={search_term_string}\"},\"query-input\":{\"@type\":\"PropertyValueSpecification\",\"valueRequired\":true,\"valueName\":\"search_term_string\"}}],\"inLanguage\":\"it-IT\"},{\"@type\":\"Organization\",\"@id\":\"https:\/\/www.oratio.it\/#organization\",\"name\":\"Oratio.org\",\"url\":\"https:\/\/www.oratio.it\/\",\"logo\":{\"@type\":\"ImageObject\",\"inLanguage\":\"it-IT\",\"@id\":\"https:\/\/www.oratio.it\/#\/schema\/logo\/image\/\",\"url\":\"https:\/\/www.oratio.it\/wp-content\/uploads\/2021\/12\/Oratio.jpg\",\"contentUrl\":\"https:\/\/www.oratio.it\/wp-content\/uploads\/2021\/12\/Oratio.jpg\",\"width\":232,\"height\":75,\"caption\":\"Oratio.org\"},\"image\":{\"@id\":\"https:\/\/www.oratio.it\/#\/schema\/logo\/image\/\"}}]}<\/script>\n<!-- \/ Yoast SEO plugin. -->","yoast_head_json":{"title":"Download - Oratio - Il Gestionale per le PMI","description":"Puoi scaricare gratuitamente il software. Installazione su sistemi Linux o MacOs","robots":{"index":"index","follow":"follow","max-snippet":"max-snippet:-1","max-image-preview":"max-image-preview:large","max-video-preview":"max-video-preview:-1"},"canonical":"https:\/\/www.oratio.it\/index.php\/download\/","og_locale":"it_IT","og_type":"article","og_title":"Download - Oratio - Il Gestionale per le PMI","og_description":"Puoi scaricare gratuitamente il software. Installazione su sistemi Linux o MacOs","og_url":"https:\/\/www.oratio.it\/index.php\/download\/","og_site_name":"Oratio - Il Gestionale per le PMI","article_modified_time":"2025-05-27T13:31:40+00:00","twitter_card":"summary_large_image","twitter_misc":{"Tempo di lettura stimato":"2 minuti"},"schema":{"@context":"https:\/\/schema.org","@graph":[{"@type":"WebPage","@id":"https:\/\/www.oratio.it\/index.php\/download\/","url":"https:\/\/www.oratio.it\/index.php\/download\/","name":"Download - Oratio - Il Gestionale per le PMI","isPartOf":{"@id":"https:\/\/www.oratio.it\/#website"},"datePublished":"2022-01-05T15:23:39+00:00","dateModified":"2025-05-27T13:31:40+00:00","description":"Puoi scaricare gratuitamente il software. Installazione su sistemi Linux o MacOs","breadcrumb":{"@id":"https:\/\/www.oratio.it\/index.php\/download\/#breadcrumb"},"inLanguage":"it-IT","potentialAction":[{"@type":"ReadAction","target":["https:\/\/www.oratio.it\/index.php\/download\/"]}]},{"@type":"BreadcrumbList","@id":"https:\/\/www.oratio.it\/index.php\/download\/#breadcrumb","itemListElement":[{"@type":"ListItem","position":1,"name":"Home","item":"https:\/\/www.oratio.it\/"},{"@type":"ListItem","position":2,"name":"Download"}]},{"@type":"WebSite","@id":"https:\/\/www.oratio.it\/#website","url":"https:\/\/www.oratio.it\/","name":"Oratio - Il Gestionale per le PMI","description":"","publisher":{"@id":"https:\/\/www.oratio.it\/#organization"},"alternateName":"Gestionale aziendale open source","potentialAction":[{"@type":"SearchAction","target":{"@type":"EntryPoint","urlTemplate":"https:\/\/www.oratio.it\/?s={search_term_string}"},"query-input":{"@type":"PropertyValueSpecification","valueRequired":true,"valueName":"search_term_string"}}],"inLanguage":"it-IT"},{"@type":"Organization","@id":"https:\/\/www.oratio.it\/#organization","name":"Oratio.org","url":"https:\/\/www.oratio.it\/","logo":{"@type":"ImageObject","inLanguage":"it-IT","@id":"https:\/\/www.oratio.it\/#\/schema\/logo\/image\/","url":"https:\/\/www.oratio.it\/wp-content\/uploads\/2021\/12\/Oratio.jpg","contentUrl":"https:\/\/www.oratio.it\/wp-content\/uploads\/2021\/12\/Oratio.jpg","width":232,"height":75,"caption":"Oratio.org"},"image":{"@id":"https:\/\/www.oratio.it\/#\/schema\/logo\/image\/"}}]}},"_links":{"self":[{"href":"https:\/\/www.oratio.it\/index.php\/wp-json\/wp\/v2\/pages\/175","targetHints":{"allow":["GET"]}}],"collection":[{"href":"https:\/\/www.oratio.it\/index.php\/wp-json\/wp\/v2\/pages"}],"about":[{"href":"https:\/\/www.oratio.it\/index.php\/wp-json\/wp\/v2\/types\/page"}],"author":[{"embeddable":true,"href":"https:\/\/www.oratio.it\/index.php\/wp-json\/wp\/v2\/users\/1"}],"replies":[{"embeddable":true,"href":"https:\/\/www.oratio.it\/index.php\/wp-json\/wp\/v2\/comments?post=175"}],"version-history":[{"count":57,"href":"https:\/\/www.oratio.it\/index.php\/wp-json\/wp\/v2\/pages\/175\/revisions"}],"predecessor-version":[{"id":1342,"href":"https:\/\/www.oratio.it\/index.php\/wp-json\/wp\/v2\/pages\/175\/revisions\/1342"}],"wp:attachment":[{"href":"https:\/\/www.oratio.it\/index.php\/wp-json\/wp\/v2\/media?parent=175"}],"curies":[{"name":"wp","href":"https:\/\/api.w.org\/{rel}","templated":true}]}}